{"id":2857,"date":"2025-09-14T17:38:30","date_gmt":"2025-09-14T15:38:30","guid":{"rendered":"https:\/\/geek-o-rama.fr\/?page_id=2857"},"modified":"2025-09-16T19:49:27","modified_gmt":"2025-09-16T17:49:27","slug":"links","status":"publish","type":"page","link":"https:\/\/geek-o-rama.fr\/index.php\/links\/","title":{"rendered":"Links"},"content":{"rendered":"\n<p>Voici les liens et documents que l&rsquo;on partage. <\/p>\n\n\n\n<p>\ud83d\udfe9\ud83d\udfe7<a href=\"https:\/\/soundcloud.com\/geek-orama\/ep471?si=9446044db43a493c960590167d16b834&amp;utm_source=clipboard&amp;utm_medium=text&amp;utm_campaign=social_sharing\" data-type=\"link\" data-id=\"https:\/\/soundcloud.com\/geek-orama\/ep471?si=9446044db43a493c960590167d16b834&amp;utm_source=clipboard&amp;utm_medium=text&amp;utm_campaign=social_sharing\" target=\"_blank\" rel=\"noreferrer noopener\"><strong>Podcast 471<\/strong><\/a> : La question de la semaine pos\u00e9e aux Auditrices\/Auditeurs <br>leur demandait de s&rsquo;imaginer en catcheur.<br>Voici les r\u00e9sultats en images :<br><a href=\"https:\/\/geek-o-rama.fr\/wp-content\/uploads\/2025\/06\/PIKA.jpg\" data-type=\"link\" data-id=\"https:\/\/geek-o-rama.fr\/wp-content\/uploads\/2025\/06\/PIKA.jpg\" target=\"_blank\" rel=\"noreferrer noopener\"><strong>Pika<\/strong><\/a> &#8211; <a href=\"https:\/\/geek-o-rama.fr\/wp-content\/uploads\/2025\/06\/Voto.jpg\" data-type=\"link\" data-id=\"https:\/\/geek-o-rama.fr\/wp-content\/uploads\/2025\/06\/Voto.jpg\" target=\"_blank\" rel=\"noreferrer noopener\"><strong>Exvoto<\/strong><\/a> &#8211; <a href=\"https:\/\/geek-o-rama.fr\/wp-content\/uploads\/2025\/06\/Spangle.png\" data-type=\"link\" data-id=\"https:\/\/geek-o-rama.fr\/wp-content\/uploads\/2025\/06\/Spangle.png\" target=\"_blank\" rel=\"noreferrer noopener\"><strong>Spangle<\/strong><\/a> &#8211; <a href=\"https:\/\/geek-o-rama.fr\/wp-content\/uploads\/2025\/06\/RT.jpg\" data-type=\"link\" data-id=\"https:\/\/geek-o-rama.fr\/wp-content\/uploads\/2025\/06\/RT.jpg\" target=\"_blank\" rel=\"noreferrer noopener\"><strong>RTCNMP<\/strong><\/a> &#8211; <a href=\"https:\/\/geek-o-rama.fr\/wp-content\/uploads\/2025\/06\/GrjdRPtWQAAFvQw.jpg\" data-type=\"link\" data-id=\"https:\/\/geek-o-rama.fr\/wp-content\/uploads\/2025\/06\/GrjdRPtWQAAFvQw.jpg\" target=\"_blank\" rel=\"noreferrer noopener\"><strong>Altris<\/strong><\/a> &#8211; <a href=\"https:\/\/geek-o-rama.fr\/wp-content\/uploads\/2025\/06\/ikson.jpg\" data-type=\"link\" data-id=\"https:\/\/geek-o-rama.fr\/wp-content\/uploads\/2025\/06\/ikson.jpg\" target=\"_blank\" rel=\"noreferrer noopener\"><strong>Ikson<\/strong><\/a> &#8211; <a href=\"https:\/\/geek-o-rama.fr\/wp-content\/uploads\/2025\/06\/Addy.jpg\" data-type=\"link\" data-id=\"https:\/\/geek-o-rama.fr\/wp-content\/uploads\/2025\/06\/Addy.jpg\" target=\"_blank\" rel=\"noreferrer noopener\"><strong>Addy<\/strong><\/a> &#8211; <a href=\"https:\/\/geek-o-rama.fr\/wp-content\/uploads\/2025\/06\/Octokom.jpg\" data-type=\"link\" data-id=\"https:\/\/geek-o-rama.fr\/wp-content\/uploads\/2025\/06\/Octokom.jpg\" target=\"_blank\" rel=\"noreferrer noopener\"><strong>Octokom<\/strong><\/a><\/p>\n\n\n\n<p>\ud83d\udfe9\ud83d\udfe7<a href=\"https:\/\/soundcloud.com\/geek-orama\/ep457?si=cd3a8f46f755443f8d0b61ed2fd4ed35&amp;utm_source=clipboard&amp;utm_medium=text&amp;utm_campaign=social_sharing\" data-type=\"link\" data-id=\"https:\/\/soundcloud.com\/geek-orama\/ep457?si=cd3a8f46f755443f8d0b61ed2fd4ed35&amp;utm_source=clipboard&amp;utm_medium=text&amp;utm_campaign=social_sharing\" target=\"_blank\" rel=\"noreferrer noopener\"><strong>Podcast 457<\/strong><\/a> : Liens depuis les News : <br>La BNF nous propose un <strong><a href=\"https:\/\/expositions.bnf.fr\/apocalypse\/\" data-type=\"link\" data-id=\"https:\/\/expositions.bnf.fr\/apocalypse\/\" target=\"_blank\" rel=\"noreferrer noopener\">nouveau jeu vid\u00e9o<\/a><\/strong>, un point &amp; click sur l\u2019Apocalypse !<\/p>\n\n\n\n<p>\ud83d\udfe9\ud83d\udfe7<strong><a href=\"https:\/\/soundcloud.com\/geek-orama\/ep452?si=965e2eb7a5ce47b7b8c9ee251f55f637&amp;utm_source=clipboard&amp;utm_medium=text&amp;utm_campaign=social_sharing\" data-type=\"link\" data-id=\"https:\/\/soundcloud.com\/geek-orama\/ep452?si=965e2eb7a5ce47b7b8c9ee251f55f637&amp;utm_source=clipboard&amp;utm_medium=text&amp;utm_campaign=social_sharing\" target=\"_blank\" rel=\"noreferrer noopener\">Podcast 452<\/a><\/strong> : Liens depuis les News :<br>Des d\u00e9veloppeurs cr\u00e9ent des versions jouables de <strong><a href=\"https:\/\/th0mas.nl\/downloads\/pdftris.pdf\" data-type=\"link\" data-id=\"https:\/\/th0mas.nl\/downloads\/pdftris.pdf\" target=\"_blank\" rel=\"noreferrer noopener\">Tetris<\/a><\/strong> et de <strong><a href=\"https:\/\/doompdf.pages.dev\/doom.pdf\" data-type=\"link\" data-id=\"https:\/\/doompdf.pages.dev\/doom.pdf\" target=\"_blank\" rel=\"noreferrer noopener\">Doom<\/a><\/strong> sur PDF\u202f!<\/p>\n\n\n\n<p>\ud83d\udfe9\ud83d\udfe7<strong><a href=\"https:\/\/soundcloud.com\/geek-orama\/ep446?si=7d37ef0ff23846ffa00235abc744f58a&amp;utm_source=clipboard&amp;utm_medium=text&amp;utm_campaign=social_sharing\" data-type=\"link\" data-id=\"https:\/\/soundcloud.com\/geek-orama\/ep446?si=7d37ef0ff23846ffa00235abc744f58a&amp;utm_source=clipboard&amp;utm_medium=text&amp;utm_campaign=social_sharing\" target=\"_blank\" rel=\"noreferrer noopener\">Podcast 446<\/a><\/strong> : Instant Addy : <br>Sujet : La LitRPG avec le label d\u2019\u00e9dition <strong><a href=\"https:\/\/www.facebook.com\/profile.php?id=61562791179174\" data-type=\"link\" data-id=\"https:\/\/www.facebook.com\/profile.php?id=61562791179174\" target=\"_blank\" rel=\"noreferrer noopener\">Lorestone<\/a><\/strong>.<\/p>\n\n\n\n<p>\ud83d\udfe9\ud83d\udfe7<a href=\"https:\/\/soundcloud.com\/geek-orama\/ep427?si=b65745d96ae94cb4b92bc5fd73ccd06a&amp;utm_source=clipboard&amp;utm_medium=text&amp;utm_campaign=social_sharing\" data-type=\"link\" data-id=\"https:\/\/soundcloud.com\/geek-orama\/ep427?si=b65745d96ae94cb4b92bc5fd73ccd06a&amp;utm_source=clipboard&amp;utm_medium=text&amp;utm_campaign=social_sharing\" target=\"_blank\" rel=\"noreferrer noopener\"><strong>Podcast 427<\/strong><\/a> : Liens depuis les News : <br>Comment Google s\u2019est fait du fric sur votre dos (encore) \ud83d\udc49\ud83c\udffb (<strong><a href=\"https:\/\/platinum-clementine-783.notion.site\/Lettre-de-R-clamation-Google-427-17af2d9b130a4261a64f03a5a6df7dac?pvs=4\" data-type=\"link\" data-id=\"https:\/\/platinum-clementine-783.notion.site\/Lettre-de-R-clamation-Google-427-17af2d9b130a4261a64f03a5a6df7dac?pvs=4\" target=\"_blank\" rel=\"noreferrer noopener\">mod\u00e8le de lettre de r\u00e9clamation \u00e0 Google<\/a><\/strong>).<\/p>\n\n\n\n<p>\ud83d\udfe9\ud83d\udfe7<a href=\"https:\/\/soundcloud.com\/geek-orama\/ep404?si=7c1845138ad143f5973328198ba44191&amp;utm_source=clipboard&amp;utm_medium=text&amp;utm_campaign=social_sharing\" data-type=\"link\" data-id=\"https:\/\/soundcloud.com\/geek-orama\/ep404?si=7c1845138ad143f5973328198ba44191&amp;utm_source=clipboard&amp;utm_medium=text&amp;utm_campaign=social_sharing\" target=\"_blank\" rel=\"noreferrer noopener\"><strong>Podcast 404<\/strong><\/a> : Liste des vid\u00e9os cit\u00e9es dans cette \u00e9mission :<br>Liste des vid\u00e9os cit\u00e9es :<br>&#8211; <strong><a href=\"https:\/\/youtu.be\/EvoL-FvSPDg?si=5WYsYOEDn7yzfgzD\" data-type=\"link\" data-id=\"https:\/\/youtu.be\/EvoL-FvSPDg?si=5WYsYOEDn7yzfgzD\" target=\"_blank\" rel=\"noopener\">Johnny Cadillac<\/a><\/strong> (Ikson) &#8211; <strong><a href=\"https:\/\/youtu.be\/Ws8mLMEU_TA?si=u0UtJccyP0oEys6L\" data-type=\"link\" data-id=\"https:\/\/youtu.be\/Ws8mLMEU_TA?si=u0UtJccyP0oEys6L\" target=\"_blank\" rel=\"noopener\">Oui, je l\u2019a<\/a><\/strong> (Octo) &#8211; <strong><a href=\"https:\/\/youtu.be\/nnyHegZmXDc?si=tEWTTdZXZ2zV0tPF\" data-type=\"link\" data-id=\"https:\/\/youtu.be\/nnyHegZmXDc?si=tEWTTdZXZ2zV0tPF\" target=\"_blank\" rel=\"noopener\">Ren\u00e9 et la p\u00e9t\u00e9e \u00e0 la Monique<\/a><\/strong> (Ikson) <br>&#8211; <strong><a href=\"https:\/\/youtu.be\/F2IlxXKPR4Y?si=EvTUSn_FBkz3O6q7\" data-type=\"link\" data-id=\"https:\/\/youtu.be\/F2IlxXKPR4Y?si=EvTUSn_FBkz3O6q7\" target=\"_blank\" rel=\"noopener\">Bernard veut faire l\u2019amour<\/a><\/strong> (Octo) &#8211; <strong><a href=\"https:\/\/www.youtube.com\/watch?v=25q3eTPo1I8&amp;t=92s\" data-type=\"link\" data-id=\"https:\/\/www.youtube.com\/watch?v=25q3eTPo1I8&amp;t=92s\" target=\"_blank\" rel=\"noopener\">Les enfants et le pastis<\/a><\/strong> (Addy) &#8211; <strong><a href=\"https:\/\/www.youtube.com\/watch?v=S6CKfo5eONc\" data-type=\"link\" data-id=\"https:\/\/www.youtube.com\/watch?v=S6CKfo5eONc\" target=\"_blank\" rel=\"noopener\">Toi et ta gueule de merde<\/a><\/strong> (Octo)<br>&#8211; <strong><a href=\"https:\/\/www.instagram.com\/reel\/Cy9IURRrLqY\/?igsh=MXN0NjJ3eDk5dW1ndg%3D%3D\" data-type=\"link\" data-id=\"https:\/\/www.instagram.com\/reel\/Cy9IURRrLqY\/?igsh=MXN0NjJ3eDk5dW1ndg%3D%3D\" target=\"_blank\" rel=\"noopener\">Les estrons comme \u00e7a<\/a><\/strong> (Ikson) &#8211; <strong><a href=\"https:\/\/youtu.be\/LBz20TW3OHE?si=Twa3wQIxxiaZjjqE\" data-type=\"link\" data-id=\"https:\/\/youtu.be\/LBz20TW3OHE?si=Twa3wQIxxiaZjjqE\" target=\"_blank\" rel=\"noopener\">Macron c\u2019est ma pute<\/a><\/strong> (Octo) &#8211; <strong><a href=\"https:\/\/youtu.be\/dCW4EJUS5is?si=4yC_wpKSOu70Lb5g\" data-type=\"link\" data-id=\"https:\/\/youtu.be\/dCW4EJUS5is?si=4yC_wpKSOu70Lb5g\" target=\"_blank\" rel=\"noopener\">Bratha fram anathar madam<\/a><\/strong> (Addy)<br>&#8211; <strong><a href=\"https:\/\/www.youtube.com\/watch?v=Zu8kcgb4Y28\" data-type=\"link\" data-id=\"https:\/\/www.youtube.com\/watch?v=Zu8kcgb4Y28\" target=\"_blank\" rel=\"noopener\">Motorhead au JT<\/a><\/strong> (Ikson) &#8211; <strong><a href=\"https:\/\/youtube.com\/shorts\/-eej3MEKHuw?si=cwgvURX0dhjf6kxx\" data-type=\"link\" data-id=\"https:\/\/youtube.com\/shorts\/-eej3MEKHuw?si=cwgvURX0dhjf6kxx\" target=\"_blank\" rel=\"noopener\">Ils revendiquent<\/a><\/strong> (Octo) &#8211; <strong><a href=\"https:\/\/www.instagram.com\/reel\/C1jzK2ltpwQ\/?igsh=MXU1cmF4aXRoN2Q3ag==\" data-type=\"link\" data-id=\"https:\/\/www.instagram.com\/reel\/C1jzK2ltpwQ\/?igsh=MXU1cmF4aXRoN2Q3ag==\" target=\"_blank\" rel=\"noopener\">Proverbes africains<\/a><\/strong> (Ikson) &#8211; <strong><a href=\"https:\/\/www.instagram.com\/reel\/C00v2Vuqpq7\/?igsh=MXRreDA2ZmVkN2Vlcw==\" data-type=\"link\" data-id=\"https:\/\/www.instagram.com\/reel\/C00v2Vuqpq7\/?igsh=MXRreDA2ZmVkN2Vlcw==\" target=\"_blank\" rel=\"noopener\">Odile deale de l\u2019idylle<\/a><\/strong> et <strong><a href=\"https:\/\/www.instagram.com\/reel\/C0dj5eqIMuI\/?utm_source=ig_web_copy_link&amp;igsh=MzRlODBiNWFlZA==\" data-type=\"link\" data-id=\"https:\/\/www.instagram.com\/reel\/C0dj5eqIMuI\/?utm_source=ig_web_copy_link&amp;igsh=MzRlODBiNWFlZA==\" target=\"_blank\" rel=\"noopener\">G\u00e9rald et le dictionnaire allemand<\/a><\/strong> &#8211; <strong><a href=\"https:\/\/youtu.be\/9tAJFFWA69c?si=6ZekwCf71cCdGe5h\" data-type=\"link\" data-id=\"https:\/\/youtu.be\/9tAJFFWA69c?si=6ZekwCf71cCdGe5h\" target=\"_blank\" rel=\"noopener\">Que celui qui veule&#8230; qui veut&#8230; se plaindre<\/a><\/strong> (Octo)<br>&#8211; <strong><a href=\"https:\/\/www.instagram.com\/reel\/C2h-BzBsZYU\/?igsh=cTZiMDJ3NG1ucHIy\" data-type=\"link\" data-id=\"https:\/\/www.instagram.com\/reel\/C2h-BzBsZYU\/?igsh=cTZiMDJ3NG1ucHIy\" target=\"_blank\" rel=\"noopener\">Un rire extraordinaire<\/a><\/strong> et le <strong><a href=\"https:\/\/dai.ly\/x3tc9jo\" data-type=\"link\" data-id=\"https:\/\/dai.ly\/x3tc9jo\" target=\"_blank\" rel=\"noopener\">c\u2019est mon choix sur les rires<\/a><\/strong> (Ikson)<br>&#8211; <strong><a href=\"https:\/\/youtu.be\/GcXYknUUais?si=IvQwQBCh9HF4L4-l\" data-type=\"link\" data-id=\"https:\/\/youtu.be\/GcXYknUUais?si=IvQwQBCh9HF4L4-l\" target=\"_blank\" rel=\"noopener\">Miss France d\u00e9raille<\/a><\/strong> (Octo) &#8211; <strong><a href=\"https:\/\/www.instagram.com\/reel\/CxJI4sJvMu6\/?igsh=MWx3NHI0Z2kzZDc1bA==\" data-type=\"link\" data-id=\"https:\/\/www.instagram.com\/reel\/CxJI4sJvMu6\/?igsh=MWx3NHI0Z2kzZDc1bA==\" target=\"_blank\" rel=\"noopener\">Si l\u2019on partageait les livres comme les films<\/a><\/strong> (Addy)<br>&#8211; <strong><a href=\"https:\/\/www.instagram.com\/reel\/Cx2TxqeoI_T\/?igsh=eHJ3dG8xbmtvZHd3\" data-type=\"link\" data-id=\"https:\/\/www.instagram.com\/reel\/Cx2TxqeoI_T\/?igsh=eHJ3dG8xbmtvZHd3\" target=\"_blank\" rel=\"noopener\">Le \u00ab\u00a0quoi\u00a0\u00bb en virgule<\/a><\/strong> (Octo) &#8211; <strong><a href=\"https:\/\/www.instagram.com\/reel\/CochTiOtOOd\/?igsh=OGQ2N2QzdGZldnBt\" data-type=\"link\" data-id=\"https:\/\/www.instagram.com\/reel\/CochTiOtOOd\/?igsh=OGQ2N2QzdGZldnBt\" target=\"_blank\" rel=\"noopener\">Un mashup sympa<\/a><\/strong> (Addy) et une chaine youtube d\u00e9di\u00e9e (Ikson)<br>&#8211; <strong><a href=\"https:\/\/www.instagram.com\/reel\/Cu4iZArg8Bb\/?igsh=MWI4YmRrMHhram15cw%3D%3D\" data-type=\"link\" data-id=\"https:\/\/www.instagram.com\/reel\/Cu4iZArg8Bb\/?igsh=MWI4YmRrMHhram15cw%3D%3D\" target=\"_blank\" rel=\"noopener\">Papy qui se croit discret<\/a><\/strong> &#8211; <strong><a href=\"https:\/\/www.instagram.com\/reel\/CnC4Dd5I5Yx\/?igsh=MjJqYTY5cWg1OWR1\" data-type=\"link\" data-id=\"https:\/\/www.instagram.com\/reel\/CnC4Dd5I5Yx\/?igsh=MjJqYTY5cWg1OWR1\" target=\"_blank\" rel=\"noopener\">L\u2019accent marseillais<\/a><\/strong>(Octo) &#8211; <strong><a href=\"https:\/\/www.instagram.com\/reel\/CnSHg23I3It\/?igsh=Zjlqa2RhaHJmYTM1\" data-type=\"link\" data-id=\"https:\/\/www.instagram.com\/reel\/CnSHg23I3It\/?igsh=Zjlqa2RhaHJmYTM1\" target=\"_blank\" rel=\"noopener\">S\u2019il n\u2019y avait pas de rap<\/a><\/strong> (Addy)<br>&#8211; <strong><a href=\"https:\/\/youtu.be\/3bl91SmFr-M?si=T1Lc28wBjhoqUQfd\" data-type=\"link\" data-id=\"https:\/\/youtu.be\/3bl91SmFr-M?si=T1Lc28wBjhoqUQfd\" target=\"_blank\" rel=\"noopener\">Il ne s\u2019appelait pas Mammadou&#8230;<\/a><\/strong> (Octo)<\/p>\n\n\n\n<p>\ud83d\udfe9\ud83d\udfe7<strong><a href=\"https:\/\/soundcloud.com\/geek-orama\/ep395?si=62c466c2dc7443d891b87ceef7d6fe04&amp;utm_source=clipboard&amp;utm_medium=text&amp;utm_campaign=social_sharing\" data-type=\"link\" data-id=\"https:\/\/soundcloud.com\/geek-orama\/ep395?si=62c466c2dc7443d891b87ceef7d6fe04&amp;utm_source=clipboard&amp;utm_medium=text&amp;utm_campaign=social_sharing\" target=\"_blank\" rel=\"noreferrer noopener\">Podcast 395<\/a><\/strong> : Sous Covid, voici la liste du Zapping du Web :<br>&#8211; <a href=\"https:\/\/nmkd.itch.io\/flowframes\"><strong>Flowframes<\/strong><\/a> &#8211; <a href=\"https:\/\/www.youtube.com\/watch?v=SIpPx8AaY8Q\"><strong>Des jeux NES en VR<\/strong> <\/a> &#8211; <a href=\"https:\/\/seoi.net\/penint\/\"><strong>Penint<\/strong> <\/a> &#8211; <a href=\"https:\/\/cat-bounce.com\/\"><strong>Cat bounce<\/strong><\/a> &#8211; <a href=\"https:\/\/eelslap.com\/\"><strong>Eel slap<\/strong><\/a><br>&#8211;<a href=\"https:\/\/lines.chromeexperiments.com\/\"> <strong>Land lines<\/strong><\/a> &#8211; <a href=\"https:\/\/driveandlisten.herokuapp.com\/\"><strong>Drive &amp; listen<\/strong><\/a> &#8211; <a href=\"http:\/\/www.weights.gg\"><strong>Weights<\/strong><\/a> <br><br>Et les quelques photos g\u00e9n\u00e9r\u00e9es par I.A : <br><a href=\"https:\/\/geek-o-rama.fr\/wp-content\/uploads\/2023\/12\/IMG_2098.jpg\" data-type=\"link\" data-id=\"https:\/\/geek-o-rama.fr\/wp-content\/uploads\/2023\/12\/IMG_2098.jpg\" target=\"_blank\" rel=\"noreferrer noopener\"><strong>IMG 01<\/strong><\/a> &#8211; <a href=\"https:\/\/geek-o-rama.fr\/wp-content\/uploads\/2023\/12\/IMG_2099.jpg\" data-type=\"link\" data-id=\"https:\/\/geek-o-rama.fr\/wp-content\/uploads\/2023\/12\/IMG_2099.jpg\" target=\"_blank\" rel=\"noreferrer noopener\"><strong>IMG 02<\/strong><\/a> &#8211; <a href=\"https:\/\/geek-o-rama.fr\/wp-content\/uploads\/2023\/12\/IMG_2100.jpg\" data-type=\"link\" data-id=\"https:\/\/geek-o-rama.fr\/wp-content\/uploads\/2023\/12\/IMG_2100.jpg\" target=\"_blank\" rel=\"noreferrer noopener\"><strong>IMG 03<\/strong><\/a> &#8211; <a href=\"https:\/\/geek-o-rama.fr\/wp-content\/uploads\/2023\/12\/IMG_2101.jpg\" data-type=\"link\" data-id=\"https:\/\/geek-o-rama.fr\/wp-content\/uploads\/2023\/12\/IMG_2101.jpg\" target=\"_blank\" rel=\"noreferrer noopener\"><strong>IMG 04<\/strong><\/a><\/p>\n\n\n\n<p>\ud83d\udfe9\ud83d\udfe7<strong><a href=\"https:\/\/soundcloud.com\/geek-orama\/ep389?si=5535cb2f672145a19e4bb168f1c65d02&amp;utm_source=clipboard&amp;utm_medium=text&amp;utm_campaign=social_sharing\" data-type=\"link\" data-id=\"https:\/\/soundcloud.com\/geek-orama\/ep389?si=5535cb2f672145a19e4bb168f1c65d02&amp;utm_source=clipboard&amp;utm_medium=text&amp;utm_campaign=social_sharing\" target=\"_blank\" rel=\"noreferrer noopener\">Podcast 389<\/a><\/strong> : Liens depuis les News :<br><a href=\"https:\/\/korben.info\/playcover-apple-silicon-mac-ios-apps-jeux.html\" target=\"_blank\" rel=\"noreferrer noopener\"><strong>PlayCover \u2013 Pour lancer des apps et jeux iOS sur Mac !<\/strong><\/a><\/p>\n\n\n\n<p>\ud83d\udfe9\ud83d\udfe7<a href=\"https:\/\/soundcloud.com\/geek-orama\/379a?si=58cd9321ba4c48b98c5139c3029b7769&amp;utm_source=clipboard&amp;utm_medium=text&amp;utm_campaign=social_sharing\" data-type=\"link\" data-id=\"https:\/\/soundcloud.com\/geek-orama\/379a?si=58cd9321ba4c48b98c5139c3029b7769&amp;utm_source=clipboard&amp;utm_medium=text&amp;utm_campaign=social_sharing\" target=\"_blank\" rel=\"noreferrer noopener\"><strong>Podcast 379<\/strong><\/a> : Liens depuis l&rsquo;Instant Culture : <br><strong><a href=\"https:\/\/www.placedeslibraires.fr\/livre\/9782253940265-la-machoire-de-cain-edward-powys-mathers\/\" data-type=\"link\" data-id=\"https:\/\/www.placedeslibraires.fr\/livre\/9782253940265-la-machoire-de-cain-edward-powys-mathers\/\" target=\"_blank\" rel=\"noopener\">La m\u00e2choire de Ca\u00efn<\/a><\/strong> \ud83d\udc49les <strong><a href=\"https:\/\/archive.org\/details\/TorquemadaCrosswordsRiper\/mode\/2up\" data-type=\"link\" data-id=\"https:\/\/archive.org\/details\/TorquemadaCrosswordsRiper\/mode\/2up\" target=\"_blank\" rel=\"noopener\">grilles de mots crois\u00e9es<\/a><\/strong> de Torquemada (bon chance \ud83c\udf40)<\/p>\n\n\n\n<p>\ud83d\udfe9\ud83d\udfe7<a href=\"https:\/\/soundcloud.com\/geek-orama\/375a?si=bbc8ddc79732403299f4fe01217bdcfc&amp;utm_source=clipboard&amp;utm_medium=text&amp;utm_campaign=social_sharing\" data-type=\"link\" data-id=\"https:\/\/soundcloud.com\/geek-orama\/375a?si=bbc8ddc79732403299f4fe01217bdcfc&amp;utm_source=clipboard&amp;utm_medium=text&amp;utm_campaign=social_sharing\" target=\"_blank\" rel=\"noreferrer noopener\"><strong>Podcast 374<\/strong><\/a> : Liens depuis les News : <br><strong><a href=\"https:\/\/www.instagram.com\/la.derniere.piece\/\" data-type=\"URL\" data-id=\"https:\/\/www.instagram.com\/la.derniere.piece\/\" target=\"_blank\" rel=\"noreferrer noopener\">La derni\u00e8re pi\u00e8ce<\/a><\/strong> l&rsquo;escape game \u00e0 port\u00e9e de tous.<\/p>\n\n\n\n<p>\ud83d\udfe9\ud83d\udfe7<a href=\"https:\/\/soundcloud.com\/geek-orama\/372-mixage-final?si=b67ce8b2814a407a8e2012191b817718&amp;utm_source=clipboard&amp;utm_medium=text&amp;utm_campaign=social_sharing\" data-type=\"link\" data-id=\"https:\/\/soundcloud.com\/geek-orama\/372-mixage-final?si=b67ce8b2814a407a8e2012191b817718&amp;utm_source=clipboard&amp;utm_medium=text&amp;utm_campaign=social_sharing\" target=\"_blank\" rel=\"noreferrer noopener\"><strong>Podcast 371<\/strong><\/a> : Liens depuis l&rsquo;Instant Culture : <br>La Microvision de MB (voir <strong><a href=\"https:\/\/youtu.be\/2-dSHqXguBw\" data-type=\"URL\" data-id=\"https:\/\/youtu.be\/2-dSHqXguBw\" target=\"_blank\" rel=\"noreferrer noopener\">interview de Jay Smith<\/a><\/strong>)<\/p>\n\n\n\n<p>\ud83d\udfe9\ud83d\udfe7<strong><a href=\"https:\/\/soundcloud.com\/geek-orama\/episode-367?si=9511ee928c4443139d4ef67d5591fa06&amp;utm_source=clipboard&amp;utm_medium=text&amp;utm_campaign=social_sharing\" data-type=\"link\" data-id=\"https:\/\/soundcloud.com\/geek-orama\/episode-367?si=9511ee928c4443139d4ef67d5591fa06&amp;utm_source=clipboard&amp;utm_medium=text&amp;utm_campaign=social_sharing\" target=\"_blank\" rel=\"noreferrer noopener\">Podcast 367<\/a><\/strong> : Liens depuis les News : <br><strong><a href=\"https:\/\/camera.sandbox.noodl.app\" data-type=\"URL\" data-id=\"https:\/\/camera.sandbox.noodl.app\" target=\"_blank\" rel=\"noreferrer noopener\">Un Appareil photo sans objectif<\/a><\/strong>. (Lien mort \u2620\ufe0f)<\/p>\n\n\n\n<p>\ud83d\udfe9\ud83d\udfe7<a href=\"https:\/\/soundcloud.com\/geek-orama\/ep-332?si=0e26356f9e9348c098b6c2c0a199ee0f&amp;utm_source=clipboard&amp;utm_medium=text&amp;utm_campaign=social_sharing\" data-type=\"link\" data-id=\"https:\/\/soundcloud.com\/geek-orama\/ep-332?si=0e26356f9e9348c098b6c2c0a199ee0f&amp;utm_source=clipboard&amp;utm_medium=text&amp;utm_campaign=social_sharing\" target=\"_blank\" rel=\"noreferrer noopener\"><strong>Podcast 332<\/strong><\/a> : Liens depuis l&rsquo;Instant Culture : <br><strong><a href=\"https:\/\/fr.wikipedia.org\/wiki\/Chip-chan\" data-type=\"URL\" data-id=\"https:\/\/fr.wikipedia.org\/wiki\/Chip-chan\" target=\"_blank\" rel=\"noreferrer noopener\">Chip Chan<\/a><\/strong>\ud83d\udc48<\/p>\n\n\n\n<p>\ud83d\udfe9\ud83d\udfe7<strong><a href=\"https:\/\/soundcloud.com\/geek-orama\/325a?si=0e431fcad4574109ba473b0fc3d6e428&amp;utm_source=clipboard&amp;utm_medium=text&amp;utm_campaign=social_sharing\" data-type=\"link\" data-id=\"https:\/\/soundcloud.com\/geek-orama\/325a?si=0e431fcad4574109ba473b0fc3d6e428&amp;utm_source=clipboard&amp;utm_medium=text&amp;utm_campaign=social_sharing\" target=\"_blank\" rel=\"noreferrer noopener\">Podcast 326<\/a><\/strong> : Liens depuis l&rsquo;Instant Culture : <br>Une vid\u00e9o sur <a href=\"https:\/\/youtu.be\/9YG9INjO91Y\" data-type=\"link\" data-id=\"https:\/\/youtu.be\/9YG9INjO91Y\" target=\"_blank\" rel=\"noreferrer noopener\"><strong>Satoru Iwata<\/strong><\/a>.<\/p>\n\n\n\n<p>\ud83d\udfe9\ud83d\udfe7<strong><a href=\"https:\/\/soundcloud.com\/geek-orama\/321a?si=f99afd7c82574f5ab4bb68d2eb2d5b2a&amp;utm_source=clipboard&amp;utm_medium=text&amp;utm_campaign=social_sharing\" data-type=\"link\" data-id=\"https:\/\/soundcloud.com\/geek-orama\/321a?si=f99afd7c82574f5ab4bb68d2eb2d5b2a&amp;utm_source=clipboard&amp;utm_medium=text&amp;utm_campaign=social_sharing\" target=\"_blank\" rel=\"noreferrer noopener\">Podcast 321<\/a><\/strong> : Liens depuis l&rsquo;Instant Ikson : <br>\ud83d\udc49<a href=\"https:\/\/youtu.be\/4bzrpQbsAYc\" data-type=\"link\" data-id=\"https:\/\/youtu.be\/4bzrpQbsAYc\" target=\"_blank\" rel=\"noreferrer noopener\"><strong>Segata Sanchiro<\/strong><\/a>.<\/p>\n\n\n\n<p>\ud83d\udfe9\ud83d\udfe7<strong><a href=\"https:\/\/soundcloud.com\/geek-orama\/319a?si=593ee0e651b04246ab97a8404eb0439d&amp;utm_source=clipboard&amp;utm_medium=text&amp;utm_campaign=social_sharing\" data-type=\"link\" data-id=\"https:\/\/soundcloud.com\/geek-orama\/319a?si=593ee0e651b04246ab97a8404eb0439d&amp;utm_source=clipboard&amp;utm_medium=text&amp;utm_campaign=social_sharing\" target=\"_blank\" rel=\"noreferrer noopener\">Podcast 319<\/a><\/strong> : Liens depuis l&rsquo;Instant Culture :<br><strong><a href=\"https:\/\/www.tiktok.com\/@khaby.lame?lang=fr\" data-type=\"URL\" data-id=\"https:\/\/www.tiktok.com\/@khaby.lame?lang=fr\" target=\"_blank\" rel=\"noreferrer noopener\">Khaby Lame<\/a><\/strong>\ud83d\udc48 <\/p>\n\n\n\n<p><\/p>\n","protected":false},"excerpt":{"rendered":"<p>Voici les liens et documents que l&rsquo;on partage. \ud83d\udfe9\ud83d\udfe7Podcast 471 : La question de la semaine pos\u00e9e aux Auditrices\/Auditeurs leur demandait de s&rsquo;imaginer en catcheur.Voici les r\u00e9sultats en images :Pika &#8211; Exvoto &#8211; Spangle &#8211; RTCNMP &#8211; Altris &#8211; Ikson &#8211; Addy &#8211; Octokom \ud83d\udfe9\ud83d\udfe7Podcast 457 : Liens depuis les News : La BNF nous [&hellip;]<\/p>\n","protected":false},"author":2,"featured_media":0,"parent":0,"menu_order":0,"comment_status":"closed","ping_status":"closed","template":"","meta":{"footnotes":""},"class_list":["post-2857","page","type-page","status-publish","hentry"],"_links":{"self":[{"href":"https:\/\/geek-o-rama.fr\/index.php\/wp-json\/wp\/v2\/pages\/2857","targetHints":{"allow":["GET"]}}],"collection":[{"href":"https:\/\/geek-o-rama.fr\/index.php\/wp-json\/wp\/v2\/pages"}],"about":[{"href":"https:\/\/geek-o-rama.fr\/index.php\/wp-json\/wp\/v2\/types\/page"}],"author":[{"embeddable":true,"href":"https:\/\/geek-o-rama.fr\/index.php\/wp-json\/wp\/v2\/users\/2"}],"replies":[{"embeddable":true,"href":"https:\/\/geek-o-rama.fr\/index.php\/wp-json\/wp\/v2\/comments?post=2857"}],"version-history":[{"count":22,"href":"https:\/\/geek-o-rama.fr\/index.php\/wp-json\/wp\/v2\/pages\/2857\/revisions"}],"predecessor-version":[{"id":2894,"href":"https:\/\/geek-o-rama.fr\/index.php\/wp-json\/wp\/v2\/pages\/2857\/revisions\/2894"}],"wp:attachment":[{"href":"https:\/\/geek-o-rama.fr\/index.php\/wp-json\/wp\/v2\/media?parent=2857"}],"curies":[{"name":"wp","href":"https:\/\/api.w.org\/{rel}","templated":true}]}}