{"id":1283,"date":"2020-10-04T18:22:42","date_gmt":"2020-10-04T16:22:42","guid":{"rendered":"http:\/\/geek-o-rama.fr\/?page_id=1283"},"modified":"2025-09-14T15:13:19","modified_gmt":"2025-09-14T13:13:19","slug":"1283-2","status":"publish","type":"page","link":"https:\/\/geek-o-rama.fr\/index.php\/1283-2\/","title":{"rendered":"About"},"content":{"rendered":"\n<p><strong>Nous trouver<\/strong> : <br>&#8211; <a href=\"https:\/\/x.com\/Geekorama_Team\" data-type=\"link\" data-id=\"https:\/\/x.com\/Geekorama_Team\" target=\"_blank\" rel=\"noreferrer noopener\">X\/Twitter<\/a> \ud83d\udc26\u200d\u2b1b<br>&#8211; <a href=\"https:\/\/bsky.app\/profile\/geekorama.bsky.social\" data-type=\"link\" data-id=\"https:\/\/bsky.app\/profile\/geekorama.bsky.social\" target=\"_blank\" rel=\"noreferrer noopener\">Bluesky<\/a> \ud83e\udd8b<br>&#8211; <a href=\"https:\/\/www.facebook.com\/Geek0rama\" data-type=\"link\" data-id=\"https:\/\/www.facebook.com\/Geek0rama\" target=\"_blank\" rel=\"noreferrer noopener\">Facebook<\/a> \ud83c\udfd9\ufe0f<br>&#8211; <a href=\"https:\/\/www.instagram.com\/geekorama_team\/\" data-type=\"link\" data-id=\"https:\/\/www.instagram.com\/geekorama_team\/\" target=\"_blank\" rel=\"noreferrer noopener\">Instagram<\/a> \ud83d\udcf7<br>&#8211; <a href=\"https:\/\/www.threads.com\/@geekorama_team?hl=fr\" data-type=\"link\" data-id=\"https:\/\/www.threads.com\/@geekorama_team?hl=fr\" target=\"_blank\" rel=\"noreferrer noopener\">Thread<\/a> \ud83d\ude82<br>&#8211; <a href=\"https:\/\/fr.ulule.com\/geekorama\/\" data-type=\"link\" data-id=\"https:\/\/fr.ulule.com\/geekorama\/\" target=\"_blank\" rel=\"noreferrer noopener\">Ulule<\/a> \ud83d\udcb0<br><br><strong>Qui sommes nous<\/strong> :<\/p>\n\n\n\n<div class=\"wp-block-media-text alignwide is-stacked-on-mobile\" style=\"grid-template-columns:15% auto\"><figure class=\"wp-block-media-text__media\"><img fetchpriority=\"high\" decoding=\"async\" width=\"287\" height=\"281\" src=\"http:\/\/geek-o-rama.fr\/wp-content\/uploads\/2020\/09\/Octokom.png\" alt=\"\" class=\"wp-image-1075 size-full\"\/><\/figure><div class=\"wp-block-media-text__content\">\n<p style=\"font-size:15px\"><em><strong>Octokom<\/strong>. <\/em>Fabriqu\u00e9 en 1982. Passionn\u00e9 par tout ce qui touche \u00e0 l&rsquo;audio, \u00e0 la cr\u00e9 visuelle, et depuis 1987 les jeux-vid\u00e9o ! J&rsquo;ai d\u00e9but\u00e9 sur un Vectrex, puis avec MA Nes. S&rsquo;en est suivi un parcours de Geek majoritairement console, <br>principalement amoureux des jeux en tout genre sur tous les supports. <br>Et si on faisait une \u00e9mission de notre passion ! Tadaaa voila Geekorama !<\/p>\n<\/div><\/div>\n\n\n\n<div class=\"wp-block-group alignwide\"><div class=\"wp-block-group__inner-container is-layout-flow wp-block-group-is-layout-flow\">\n<div class=\"wp-block-media-text alignwide is-vertically-aligned-center is-stacked-on-mobile\" style=\"grid-template-columns:15% auto\"><figure class=\"wp-block-media-text__media\"><img decoding=\"async\" width=\"287\" height=\"281\" src=\"http:\/\/geek-o-rama.fr\/wp-content\/uploads\/2020\/09\/Ikson.png\" alt=\"\" class=\"wp-image-1076 size-full\"\/><\/figure><div class=\"wp-block-media-text__content\">\n<p class=\"has-text-align-left\" style=\"font-size:15px\"><em><strong>Ikson<\/strong>. <\/em>Pur produit de l&rsquo;ann\u00e9e 89 ! Un ptit bonhomme rigolo passionn\u00e9 d&rsquo;informatique et de jeu vid\u00e9o !<br>J&rsquo;ai commenc\u00e9 sur une Nintendo NES avec Mario et Duck Hunt en passant par la Gameboy et la N64 jusqu&rsquo;au PC que je n&rsquo;ai jamais quitt\u00e9. J&rsquo;ai par la suite d\u00e9couvert le monde de la chiptunes et la composition de musique de jeu et j&rsquo;essaye de le partager au travers Geekorama.<\/p>\n<\/div><\/div>\n<\/div><\/div>\n\n\n\n<div class=\"wp-block-group alignwide\"><div class=\"wp-block-group__inner-container is-layout-flow wp-block-group-is-layout-flow\">\n<div class=\"wp-block-media-text alignwide is-vertically-aligned-center is-stacked-on-mobile\" style=\"grid-template-columns:15% auto\"><figure class=\"wp-block-media-text__media\"><img decoding=\"async\" width=\"287\" height=\"281\" src=\"http:\/\/geek-o-rama.fr\/wp-content\/uploads\/2020\/10\/Addy-1.png\" alt=\"\" class=\"wp-image-1151 size-full\"\/><\/figure><div class=\"wp-block-media-text__content\">\n<p style=\"font-size:15px\"><em><strong>Addycyclette<\/strong><\/em>. Le meilleur pour la fin, non ? ;p <br>Moi c&rsquo;est Addycyclette, et je suis arriv\u00e9e pile poil au milieu des ann\u00e9es 80. Les jeux vid\u00e9o ? Au d\u00e9part, non, ce n&rsquo;est pas du tout ma grande passion !<br>Par contre, j&rsquo;ai beaucoup regard\u00e9 les autres jouer, et j&rsquo;ai beaucoup appris&#8230; Mes premi\u00e8res consoles \u00e0 moi ? Une super-NES achet\u00e9e d&rsquo;occasion pendant mes ann\u00e9es lyc\u00e9e, et un beau jour.. Une DS-Lite, rose bien \u00e9videmment ! Depuis lors, je fais mienne chaque machine estampill\u00e9e Nintendo, ce sont mes chouchous&#8230;! <br>Du trio geek, je suis sans doute la plus nerd de tous&#8230; Mon dada \u00e0 moi, c&rsquo;est plut\u00f4t la technologie, le milieu libre, et le d\u00e9sir incommensurable de vouloir garder une trace de tout ce qui a pu exist\u00e9, \u00eatre dit, imagin\u00e9&#8230; Bref, je ne m&rsquo;appelle pas Miss Culture pour rien !<\/p>\n<\/div><\/div>\n<\/div><\/div>\n\n\n\n<div class=\"wp-block-group\"><div class=\"wp-block-group__inner-container is-layout-flow wp-block-group-is-layout-flow\">\n<div class=\"wp-block-group\"><div class=\"wp-block-group__inner-container is-layout-flow wp-block-group-is-layout-flow\"><\/div><\/div>\n<\/div><\/div>\n\n\n\n<p><\/p>\n","protected":false},"excerpt":{"rendered":"<p>Nous trouver : &#8211; X\/Twitter \ud83d\udc26\u200d\u2b1b&#8211; Bluesky \ud83e\udd8b&#8211; Facebook \ud83c\udfd9\ufe0f&#8211; Instagram \ud83d\udcf7&#8211; Thread \ud83d\ude82&#8211; Ulule \ud83d\udcb0 Qui sommes nous : Octokom. Fabriqu\u00e9 en 1982. Passionn\u00e9 par tout ce qui touche \u00e0 l&rsquo;audio, \u00e0 la cr\u00e9 visuelle, et depuis 1987 les jeux-vid\u00e9o ! J&rsquo;ai d\u00e9but\u00e9 sur un Vectrex, puis avec MA Nes. S&rsquo;en est suivi un [&hellip;]<\/p>\n","protected":false},"author":2,"featured_media":0,"parent":0,"menu_order":0,"comment_status":"closed","ping_status":"closed","template":"","meta":{"footnotes":""},"class_list":["post-1283","page","type-page","status-publish","hentry"],"_links":{"self":[{"href":"https:\/\/geek-o-rama.fr\/index.php\/wp-json\/wp\/v2\/pages\/1283","targetHints":{"allow":["GET"]}}],"collection":[{"href":"https:\/\/geek-o-rama.fr\/index.php\/wp-json\/wp\/v2\/pages"}],"about":[{"href":"https:\/\/geek-o-rama.fr\/index.php\/wp-json\/wp\/v2\/types\/page"}],"author":[{"embeddable":true,"href":"https:\/\/geek-o-rama.fr\/index.php\/wp-json\/wp\/v2\/users\/2"}],"replies":[{"embeddable":true,"href":"https:\/\/geek-o-rama.fr\/index.php\/wp-json\/wp\/v2\/comments?post=1283"}],"version-history":[{"count":14,"href":"https:\/\/geek-o-rama.fr\/index.php\/wp-json\/wp\/v2\/pages\/1283\/revisions"}],"predecessor-version":[{"id":2852,"href":"https:\/\/geek-o-rama.fr\/index.php\/wp-json\/wp\/v2\/pages\/1283\/revisions\/2852"}],"wp:attachment":[{"href":"https:\/\/geek-o-rama.fr\/index.php\/wp-json\/wp\/v2\/media?parent=1283"}],"curies":[{"name":"wp","href":"https:\/\/api.w.org\/{rel}","templated":true}]}}